{"id":3,"date":"2021-06-22T15:18:04","date_gmt":"2021-06-22T15:18:04","guid":{"rendered":"https:\/\/www.desocarrel.com\/?page_id=3"},"modified":"2022-03-15T17:09:08","modified_gmt":"2022-03-15T17:09:08","slug":"politica-de-privacitat","status":"publish","type":"page","link":"https:\/\/www.desocarrel.com\/ca\/politica-de-privacitat\/","title":{"rendered":"Pol\u00edtica de privacitat"},"content":{"rendered":"\n<p>Versi\u00f3:&nbsp; 15\/09\/2021<\/p>\n\n\n\n<p>DE SOC ARREL* es compromet a protegir la privacitat dels usuaris que accedeixin a aquesta web i\/o qualsevol dels seus serveis. La utilitzaci\u00f3 de la web i\/o de qualsevol dels serveis oferts per DE SOC ARREL implica l&#8217;acceptaci\u00f3 per l&#8217;usuari de les disposicions contingudes en la present Pol\u00edtica de Privacitat i que les seves dades personals siguin tractades segons s&#8217;estipula en ella. Si us plau, tingui en compte que tot i que hi pugui haver enlla\u00e7os de la nostra web a d\u2019altres webs, aquesta Pol\u00edtica de Privacitat no s&#8217;aplica a les webs d&#8217;altres companyies o organitzacions a les que la web estigui redirigida. DE SOC ARREL no controla el contingut de les webs de tercers ni accepta qualsevol responsabilitat pel contingut o les pol\u00edtiques de privacitat d&#8217;aquestes webs.<\/p>\n\n\n\n<p><strong>Informaci\u00f3 sobre el tractament de dades (Reglament (UE) 2016\/679 i LO 3\/2018)<\/strong><\/p>\n\n\n\n<figure class=\"wp-block-table\"><table><tbody><tr><td>Responsable del tractament<\/td><td>DE SOC ARREL* Can Ra\u00efm s\/n&nbsp; 08445&nbsp; C\u00e0noves i Samal\u00fas (Barcelona) Email: barbara@desocarrel.com<\/td><\/tr><tr><td>Finalitat del tractament<\/td><td>Oferir i gestionar els nostres serveis d&#8217;assessorament integral i acompanyament de finques agr\u00edcoles.<\/td><\/tr><tr><td>Legitimaci\u00f3<\/td><td>Consentiment obtingut de l&#8217;interessat quan ens sol\u00b7licita informaci\u00f3. Execuci\u00f3 del contracte de serveis quan contracta amb nosaltres.<\/td><\/tr><tr><td>Destinataris<\/td><td>Les dades no seran comunicades a tercers, llevat que ho exigeixi una llei o sigui necessari per complir amb la finalitat del tractament.<\/td><\/tr><tr><td>Drets de les persones<\/td><td>Els interessats tenen dret a exercir els drets d\u2019acc\u00e9s, rectificaci\u00f3, limitaci\u00f3 de tractament, supressi\u00f3, portabilitat i oposici\u00f3, enviant la seva sol\u00b7licitud a la nostra adre\u00e7a.<\/td><\/tr><tr><td>Termini de conservaci\u00f3 de les dades<\/td><td>Mentre es mantingui la relaci\u00f3 comercial o durant els anys necessaris per complir amb les obligacions legals.<\/td><\/tr><tr><td>Reclamaci\u00f3<\/td><td>Els interessats es poden dirigir a l\u2019AEPD per presentar la reclamaci\u00f3 que consideri oportuna.<\/td><\/tr><tr><td>Informaci\u00f3 addicional<\/td><td>Pot consultar la informaci\u00f3 addicional i detallada a continuaci\u00f3 a les &#8220;Q\u00fcestions sobre privacitat&#8221;.<\/td><\/tr><\/tbody><\/table><\/figure>\n\n\n\n<p><a><\/a><a>*<\/a><em>DE SOC ARREL \u00e9s una marca comercial <\/em><a><\/a><em>de <\/em><em>B\u00e0rbara L\u00f3pez Barber\u00e0 i <a>Christian William S\u00e0nchez Conno<\/a><\/em>.<strong><\/strong><\/p>\n\n\n\n<p><strong><u>Q\u00fcestions sobre privacitat<\/u><\/strong><strong><u><\/u><\/strong><\/p>\n\n\n\n<p>En compliment del Reglament (UE) 2016\/679 del Parlament Europeu i del Consell, de 27 d&#8217;abril de 2016, (RGPD)<a> <\/a>i la Llei Org\u00e0nica 3\/2018, de 5 de desembre, de Protecci\u00f3 de Dades Personals i garantia dels drets digitals (LOPDGDD), li oferim la seg\u00fcent informaci\u00f3 sobre el tractament de les seves dades personals:<\/p>\n\n\n\n<p><strong>Qui \u00e9s el responsable del tractament de les seves dades?<\/strong><strong><\/strong><\/p>\n\n\n\n<p><a>DE SOC ARREL \u00e9s una marca comercial de:<\/a><\/p>\n\n\n\n<p>B\u00c0RBARA L\u00d2PEZ BARBER\u00c0<\/p>\n\n\n\n<p>NIF: 46954136G<\/p>\n\n\n\n<p>Adre\u00e7a: Can Ra\u00efm s\/n&nbsp; 08445&nbsp; C\u00e0noves i Samal\u00fas (Barcelona)<\/p>\n\n\n\n<p>Tel.: 626702486<strong><\/strong><\/p>\n\n\n\n<p>Email: barbara@desocarrel.com<\/p>\n\n\n\n<p>i<\/p>\n\n\n\n<p>CHRISTIAN WILLIAM S\u00c0NCHEZ CONNO<\/p>\n\n\n\n<p>NIF: 47779766A<\/p>\n\n\n\n<p>Adre\u00e7a: Crta. Reial 106 8\u00e8 66 08960 Sant Just Desvern<\/p>\n\n\n\n<p>Tel.: 696868412<strong><\/strong><\/p>\n\n\n\n<p>Email: christian@desocarrel.com<\/p>\n\n\n\n<p><strong>Amb quina finalitat tractem les seves dades personals?<\/strong><strong><\/strong><\/p>\n\n\n\n<ul class=\"wp-block-list\"><li>Tractem la informaci\u00f3 que se\u2019ns facilita per gestionar els nostres assessorament integral i acompanyament de finques agr\u00edcoles.<\/li><li>En el cas que es posi en contacte amb nosaltres mitjan\u00e7ant el formulari de contacte de la nostra p\u00e0gina web, les tractarem per gestionar la seva consulta.<\/li><li>Si ens d\u00f3na el seu consentiment tamb\u00e9 podrem tractar les seves dades per enviar-li informaci\u00f3 sobre les nostres activitats, productes o serveis.<\/li><li>Si ens envia un curr\u00edculum, tractarem les dades amb la finalitat de gestionar la base de CV&#8217;s per a la selecci\u00f3 de personal.<\/li><\/ul>\n\n\n\n<p><strong>Per quant de temps conservarem les seves dades?<\/strong><\/p>\n\n\n\n<ul class=\"wp-block-list\"><li>Les dades personals proporcionades <a>es conservaran mentre sigui usuari dels nostres serveis o en vulgui rebre informaci\u00f3, at\u00e8s que pot oposar-se al tractament de les seves dades amb fins promocionals en qualsevol moment, i&nbsp; despr\u00e9s, durant el terminis establerts per complir amb les nostres obligacions legals, que en el cas documentaci\u00f3 comptable i fiscal a efectes mercantils seran 6 anys, de conformitat amb l&#8217;Art. 30 del Codi Comer\u00e7, i als efectes fiscals seran 4 anys, d&#8217;acord amb els articles 66 a 70 de la Llei General Tribut\u00e0ria.<\/a><\/li><li>En el cas dels curr\u00edculums les dades es conservaran durant un any.<\/li><\/ul>\n\n\n\n<p><strong>Quina \u00e9s la legitimaci\u00f3 per al tractament de les seves dades?<\/strong><strong><\/strong><\/p>\n\n\n\n<p>La legitimaci\u00f3 per tractar-les es troba en l\u2019execuci\u00f3 del contracte de serveis i en els consentiments que ens d\u00f3na.<\/p>\n\n\n\n<p>Respecte a aquella informaci\u00f3 que sigui remesa per menors de 14 anys, ser\u00e0 requisit imprescindible que es faci amb el consentiment patern, del tutor o del legal representant del menor perqu\u00e8 les dades personals puguin ser objecte de tractament. Si no \u00e9s aix\u00ed, el representant legal del menor ens ho ha de comunicar tan aviat com en tingui coneixement.<\/p>\n\n\n\n<p><a><strong>A quins destinataris es comunicaran les seves dades?<\/strong><\/a><strong><\/strong><\/p>\n\n\n\n<p>Les dades no seran comunicades a tercers, llevat que ho exigeixi una llei o sigui necessari per complir amb la finalitat del tractament.<\/p>\n\n\n\n<p><strong>Quins s\u00f3n els seus drets quan ens facilita les seves dades?<\/strong><strong><\/strong><\/p>\n\n\n\n<ul class=\"wp-block-list\"><li>Qualsevol persona t\u00e9 dret a obtenir confirmaci\u00f3 sobre si estem tractant o no&nbsp; les seves dades personals.<\/li><li>Les persones interessades tenen dret a accedir a les seves dades personals, aix\u00ed com a sol\u00b7licitar la rectificaci\u00f3 de les dades inexactes o, si escau, sol\u00b7licitar la seva supressi\u00f3 quan, entre d&#8217;altres motius, les dades ja no siguin necess\u00e0ries per a les finalitats per a les que es van recollir.<\/li><li>En determinades circumst\u00e0ncies els interessats podran sol\u00b7licitar la limitaci\u00f3 del tractament de les seves dades, en aquest cas \u00fanicament les conservarem per a l&#8217;exercici o la defensa de reclamacions.<\/li><li>Tamb\u00e9, en determinades circumst\u00e0ncies i per motius relacionats amb la seva situaci\u00f3 particular, els interessats es poden oposar al tractament de les seves dades. En aquest cas deixarem de tractar-les, excepte per motius leg\u00edtims imperiosos o per a l&#8217;exercici o la defensa de possibles reclamacions.<\/li><li>Els interessats tamb\u00e9 tenen dret a la portabilitat de les seves dades.<a><\/a><\/li><li><\/li><\/ul>\n\n\n\n<ul class=\"wp-block-list\"><li>Finalment, els interessats tenen dret a presentar una reclamaci\u00f3 davant l&#8217;Autoritat de Control competent.<\/li><\/ul>\n\n\n\n<p><strong>Com pot exercir els seus drets? <\/strong><strong><\/strong><\/p>\n\n\n\n<p>Enviant-nos un escrit adjuntant una c\u00f2pia d\u2019un document que l\u2019identifiqui,&nbsp; a la nostra adre\u00e7a f\u00edsica o a l\u2019electr\u00f2nica.<\/p>\n\n\n\n<p><strong>Com hem obtingut les seves dades?<\/strong><strong><\/strong><\/p>\n\n\n\n<p>Les dades personals que tractem procedeixen del propi interessat, qui garanteix que les dades personals facilitades s\u00f3n certes i es fa responsable de comunicar-ne qualsevol modificaci\u00f3. Les dades que estiguin marcades amb un asterisc s\u00f3n obligat\u00f2ries per poder donar-li el servei sol\u00b7licitat.<strong><\/strong><\/p>\n\n\n\n<p><strong>Quines dades tractem?<\/strong><strong><\/strong><\/p>\n\n\n\n<p>Les categories de dades que&nbsp; podem tractar s\u00f3n:<\/p>\n\n\n\n<ul class=\"wp-block-list\"><li>Dades de car\u00e0cter identificatiu<\/li><li>Adreces postals o electr\u00f2niques<\/li><\/ul>\n\n\n\n<p>Les dades s\u00f3n limitades, at\u00e8s que \u00fanicament tractem les dades necess\u00e0ries per a la prestaci\u00f3 dels nostres serveis i la gesti\u00f3 de la nostra activitat.<\/p>\n\n\n\n<p><a><strong>Utilitzem cookies?<\/strong><\/a><\/p>\n\n\n\n<p>Utilitzem cookies durant la navegaci\u00f3 a la nostra web amb el consentiment de l\u2019usuari.<\/p>\n\n\n\n<p>L&#8217;usuari pot configurar el seu navegador perqu\u00e8 l&#8217;avisi de la utilitzaci\u00f3 de cookies i per evitar-ne el seu \u00fas. Si us plau, visiti la nostra pol\u00edtica de cookies.<\/p>\n\n\n\n<p><strong>Quines mesures de seguretat apliquem?<\/strong><strong><\/strong><\/p>\n\n\n\n<p>Apliquem les mesures de seguretat establertes a l&#8217;article 32 del RGPD, per tant hem adoptat les mesures de seguretat necess\u00e0ries per garantir un nivell de seguretat adequat al risc del tractament de dades que realitzem, amb mecanismes que ens permeten garantir la confidencialitat, integritat, disponibilitat i resili\u00e8ncia permanent dels sistemes i serveis de tractament.<\/p>\n\n\n\n<p>Algunes d\u2019aquestes mesures s\u00f3n:<\/p>\n\n\n\n<ul class=\"wp-block-list\"><li>Informaci\u00f3 de les pol\u00edtiques de tractament de dades al personal.<\/li><li>Realitzaci\u00f3 de&nbsp; c\u00f2pies de seguretat peri\u00f2diques.<\/li><li>Control d&#8217;acc\u00e9s a les dades.<\/li><li>Processos de verificaci\u00f3, avaluaci\u00f3 i valoraci\u00f3 regulars.<\/li><\/ul>\n","protected":false},"excerpt":{"rendered":"<p>Versi\u00f3:&nbsp; 15\/09\/2021 DE SOC ARREL* es compromet a protegir la privacitat dels usuaris que accedeixin a aquesta web i\/o qualsevol dels seus serveis. La utilitzaci\u00f3 de la web i\/o de qualsevol dels serveis oferts per DE SOC ARREL implica l&#8217;acceptaci\u00f3 per l&#8217;usuari de les disposicions contingudes en la present Pol\u00edtica de Privacitat i que les [&hellip;]<\/p>\n","protected":false},"author":1,"featured_media":0,"parent":0,"menu_order":200,"comment_status":"closed","ping_status":"closed","template":"page-templates\/page-legal.php","meta":{"_acf_changed":false,"footnotes":""},"class_list":["post-3","page","type-page","status-publish","hentry"],"acf":[],"yoast_head":"<!-- This site is optimized with the Yoast SEO plugin v27.4 - https:\/\/yoast.com\/product\/yoast-seo-wordpress\/ -->\n<title>Pol\u00edtica de privacitat - Desocarrel<\/title>\n<meta name=\"robots\" content=\"noindex, nofollow\" \/>\n<meta property=\"og:locale\" content=\"ca_ES\" \/>\n<meta property=\"og:type\" content=\"article\" \/>\n<meta property=\"og:title\" content=\"Pol\u00edtica de privacitat - Desocarrel\" \/>\n<meta property=\"og:description\" content=\"Versi\u00f3:&nbsp; 15\/09\/2021 DE SOC ARREL* es compromet a protegir la privacitat dels usuaris que accedeixin a aquesta web i\/o qualsevol dels seus serveis. La utilitzaci\u00f3 de la web i\/o de qualsevol dels serveis oferts per DE SOC ARREL implica l&#8217;acceptaci\u00f3 per l&#8217;usuari de les disposicions contingudes en la present Pol\u00edtica de Privacitat i que les [&hellip;]\" \/>\n<meta property=\"og:url\" content=\"https:\/\/www.desocarrel.com\/ca\/politica-de-privacitat\/\" \/>\n<meta property=\"og:site_name\" content=\"Desocarrel\" \/>\n<meta property=\"article:modified_time\" content=\"2022-03-15T17:09:08+00:00\" \/>\n<meta name=\"twitter:card\" content=\"summary_large_image\" \/>\n<meta name=\"twitter:label1\" content=\"Temps estimat de lectura\" \/>\n\t<meta name=\"twitter:data1\" content=\"7 minuts\" \/>\n<script type=\"application\/ld+json\" class=\"yoast-schema-graph\">{\"@context\":\"https:\\\/\\\/schema.org\",\"@graph\":[{\"@type\":\"WebPage\",\"@id\":\"https:\\\/\\\/www.desocarrel.com\\\/ca\\\/politica-de-privacitat\\\/\",\"url\":\"https:\\\/\\\/www.desocarrel.com\\\/ca\\\/politica-de-privacitat\\\/\",\"name\":\"Pol\u00edtica de privacitat - Desocarrel\",\"isPartOf\":{\"@id\":\"https:\\\/\\\/www.desocarrel.com\\\/ca\\\/#website\"},\"datePublished\":\"2021-06-22T15:18:04+00:00\",\"dateModified\":\"2022-03-15T17:09:08+00:00\",\"breadcrumb\":{\"@id\":\"https:\\\/\\\/www.desocarrel.com\\\/ca\\\/politica-de-privacitat\\\/#breadcrumb\"},\"inLanguage\":\"ca\",\"potentialAction\":[{\"@type\":\"ReadAction\",\"target\":[\"https:\\\/\\\/www.desocarrel.com\\\/ca\\\/politica-de-privacitat\\\/\"]}]},{\"@type\":\"BreadcrumbList\",\"@id\":\"https:\\\/\\\/www.desocarrel.com\\\/ca\\\/politica-de-privacitat\\\/#breadcrumb\",\"itemListElement\":[{\"@type\":\"ListItem\",\"position\":1,\"name\":\"Inici\",\"item\":\"https:\\\/\\\/www.desocarrel.com\\\/ca\\\/\"},{\"@type\":\"ListItem\",\"position\":2,\"name\":\"Pol\u00edtica de privacitat\"}]},{\"@type\":\"WebSite\",\"@id\":\"https:\\\/\\\/www.desocarrel.com\\\/ca\\\/#website\",\"url\":\"https:\\\/\\\/www.desocarrel.com\\\/ca\\\/\",\"name\":\"Desocarrel\",\"description\":\"Desocarrel\",\"publisher\":{\"@id\":\"https:\\\/\\\/www.desocarrel.com\\\/ca\\\/#organization\"},\"potentialAction\":[{\"@type\":\"SearchAction\",\"target\":{\"@type\":\"EntryPoint\",\"urlTemplate\":\"https:\\\/\\\/www.desocarrel.com\\\/ca\\\/?s={search_term_string}\"},\"query-input\":{\"@type\":\"PropertyValueSpecification\",\"valueRequired\":true,\"valueName\":\"search_term_string\"}}],\"inLanguage\":\"ca\"},{\"@type\":\"Organization\",\"@id\":\"https:\\\/\\\/www.desocarrel.com\\\/ca\\\/#organization\",\"name\":\"Desocarrel\",\"url\":\"https:\\\/\\\/www.desocarrel.com\\\/ca\\\/\",\"logo\":{\"@type\":\"ImageObject\",\"inLanguage\":\"ca\",\"@id\":\"https:\\\/\\\/www.desocarrel.com\\\/ca\\\/#\\\/schema\\\/logo\\\/image\\\/\",\"url\":\"https:\\\/\\\/www.desocarrel.com\\\/wp-content\\\/uploads\\\/2022\\\/02\\\/favicon.png\",\"contentUrl\":\"https:\\\/\\\/www.desocarrel.com\\\/wp-content\\\/uploads\\\/2022\\\/02\\\/favicon.png\",\"width\":65,\"height\":64,\"caption\":\"Desocarrel\"},\"image\":{\"@id\":\"https:\\\/\\\/www.desocarrel.com\\\/ca\\\/#\\\/schema\\\/logo\\\/image\\\/\"},\"sameAs\":[\"https:\\\/\\\/www.instagram.com\\\/desocarrel\\\/\"]}]}<\/script>\n<!-- \/ Yoast SEO plugin. -->","yoast_head_json":{"title":"Pol\u00edtica de privacitat - Desocarrel","robots":{"index":"noindex","follow":"nofollow"},"og_locale":"ca_ES","og_type":"article","og_title":"Pol\u00edtica de privacitat - Desocarrel","og_description":"Versi\u00f3:&nbsp; 15\/09\/2021 DE SOC ARREL* es compromet a protegir la privacitat dels usuaris que accedeixin a aquesta web i\/o qualsevol dels seus serveis. La utilitzaci\u00f3 de la web i\/o de qualsevol dels serveis oferts per DE SOC ARREL implica l&#8217;acceptaci\u00f3 per l&#8217;usuari de les disposicions contingudes en la present Pol\u00edtica de Privacitat i que les [&hellip;]","og_url":"https:\/\/www.desocarrel.com\/ca\/politica-de-privacitat\/","og_site_name":"Desocarrel","article_modified_time":"2022-03-15T17:09:08+00:00","twitter_card":"summary_large_image","twitter_misc":{"Temps estimat de lectura":"7 minuts"},"schema":{"@context":"https:\/\/schema.org","@graph":[{"@type":"WebPage","@id":"https:\/\/www.desocarrel.com\/ca\/politica-de-privacitat\/","url":"https:\/\/www.desocarrel.com\/ca\/politica-de-privacitat\/","name":"Pol\u00edtica de privacitat - Desocarrel","isPartOf":{"@id":"https:\/\/www.desocarrel.com\/ca\/#website"},"datePublished":"2021-06-22T15:18:04+00:00","dateModified":"2022-03-15T17:09:08+00:00","breadcrumb":{"@id":"https:\/\/www.desocarrel.com\/ca\/politica-de-privacitat\/#breadcrumb"},"inLanguage":"ca","potentialAction":[{"@type":"ReadAction","target":["https:\/\/www.desocarrel.com\/ca\/politica-de-privacitat\/"]}]},{"@type":"BreadcrumbList","@id":"https:\/\/www.desocarrel.com\/ca\/politica-de-privacitat\/#breadcrumb","itemListElement":[{"@type":"ListItem","position":1,"name":"Inici","item":"https:\/\/www.desocarrel.com\/ca\/"},{"@type":"ListItem","position":2,"name":"Pol\u00edtica de privacitat"}]},{"@type":"WebSite","@id":"https:\/\/www.desocarrel.com\/ca\/#website","url":"https:\/\/www.desocarrel.com\/ca\/","name":"Desocarrel","description":"Desocarrel","publisher":{"@id":"https:\/\/www.desocarrel.com\/ca\/#organization"},"potentialAction":[{"@type":"SearchAction","target":{"@type":"EntryPoint","urlTemplate":"https:\/\/www.desocarrel.com\/ca\/?s={search_term_string}"},"query-input":{"@type":"PropertyValueSpecification","valueRequired":true,"valueName":"search_term_string"}}],"inLanguage":"ca"},{"@type":"Organization","@id":"https:\/\/www.desocarrel.com\/ca\/#organization","name":"Desocarrel","url":"https:\/\/www.desocarrel.com\/ca\/","logo":{"@type":"ImageObject","inLanguage":"ca","@id":"https:\/\/www.desocarrel.com\/ca\/#\/schema\/logo\/image\/","url":"https:\/\/www.desocarrel.com\/wp-content\/uploads\/2022\/02\/favicon.png","contentUrl":"https:\/\/www.desocarrel.com\/wp-content\/uploads\/2022\/02\/favicon.png","width":65,"height":64,"caption":"Desocarrel"},"image":{"@id":"https:\/\/www.desocarrel.com\/ca\/#\/schema\/logo\/image\/"},"sameAs":["https:\/\/www.instagram.com\/desocarrel\/"]}]}},"_links":{"self":[{"href":"https:\/\/www.desocarrel.com\/ca\/wp-json\/wp\/v2\/pages\/3","targetHints":{"allow":["GET"]}}],"collection":[{"href":"https:\/\/www.desocarrel.com\/ca\/wp-json\/wp\/v2\/pages"}],"about":[{"href":"https:\/\/www.desocarrel.com\/ca\/wp-json\/wp\/v2\/types\/page"}],"author":[{"embeddable":true,"href":"https:\/\/www.desocarrel.com\/ca\/wp-json\/wp\/v2\/users\/1"}],"replies":[{"embeddable":true,"href":"https:\/\/www.desocarrel.com\/ca\/wp-json\/wp\/v2\/comments?post=3"}],"version-history":[{"count":7,"href":"https:\/\/www.desocarrel.com\/ca\/wp-json\/wp\/v2\/pages\/3\/revisions"}],"predecessor-version":[{"id":426,"href":"https:\/\/www.desocarrel.com\/ca\/wp-json\/wp\/v2\/pages\/3\/revisions\/426"}],"wp:attachment":[{"href":"https:\/\/www.desocarrel.com\/ca\/wp-json\/wp\/v2\/media?parent=3"}],"curies":[{"name":"wp","href":"https:\/\/api.w.org\/{rel}","templated":true}]}}