{"id":417,"date":"2022-02-26T09:26:22","date_gmt":"2022-02-26T09:26:22","guid":{"rendered":"https:\/\/www.desocarrel.com\/?page_id=417"},"modified":"2022-03-15T17:09:25","modified_gmt":"2022-03-15T17:09:25","slug":"avis-legal","status":"publish","type":"page","link":"https:\/\/www.desocarrel.com\/ca\/avis-legal\/","title":{"rendered":"Av\u00eds Legal"},"content":{"rendered":"\n<p><strong>Informaci\u00f3 de Conformitat amb l&#8217;article 10 de la LSSI<\/strong><\/p>\n\n\n\n<p><strong>El titular d&#8217;aquesta web \u00e9s:<\/strong><\/p>\n\n\n\n<p><a>Identitat: CHRISTIAN WILLIAM S\u00c0NCHEZ CONNO (en endavant \u201cDE SOC ARREL\u201d)<\/a><\/p>\n\n\n\n<p>NIF: 47779766A<\/p>\n\n\n\n<p>Adre\u00e7a: Crta. Reial 106 8\u00e8 66 08960 Sant Just Desvern<\/p>\n\n\n\n<p>Tel.: 696868412<strong><\/strong><\/p>\n\n\n\n<p>E-mail: christian@desocarrel.com<\/p>\n\n\n\n<p><strong>Condicions d&#8217;\u00fas<\/strong><\/p>\n\n\n\n<p>L&#8217;\u00fas d&#8217;aquest web implica l&#8217;acceptaci\u00f3 plena dels termes i condicions del present av\u00eds legal.<\/p>\n\n\n\n<p><strong>Propietat intel\u00b7lectual i industrial<\/strong><\/p>\n\n\n\n<p>La totalitat del contingut d&#8217;aquest lloc web, ja siguin textos, imatges, sons, marques, logotips o altres elements, aix\u00ed com subestructura, disseny, combinacions de colors o forma de presentaci\u00f3 dels materials, estan protegits per drets de propietat industrial i intel\u00b7lectual que l&#8217;usuari d&#8217;aquest lloc web ha de respectar. No \u00e9s l\u00edcita la seva transformaci\u00f3 o alteraci\u00f3, comunicaci\u00f3 p\u00fablica o qualsevol altra forma d&#8217;explotaci\u00f3 per qualsevol procediment sense l&#8217;autoritzaci\u00f3 expressa de DE SOC ARREL.<\/p>\n\n\n\n<p><strong>Responsabilitat sobre els continguts<\/strong><\/p>\n\n\n\n<p>Encara que DE SOC ARREL actua amb la m\u00e0xima dilig\u00e8ncia possible, es pot donar el cas que alguna dada o informaci\u00f3 no estigui del tot actualitzada en el moment que l&#8217;usuari del lloc web el consulti. Per aix\u00f2, les informacions que es presenten en aquesta web tenen una funci\u00f3 orientativa i no obliguen a DE SOC ARREL.<\/p>\n\n\n\n<p>DE SOC ARREL no ser\u00e0 responsable de la informaci\u00f3 que es pugui obtenir a trav\u00e9s d&#8217;enlla\u00e7os inclosos en la seva web.<\/p>\n\n\n\n<p>DE SOC ARREL es reserva la facultat de realitzar, en qualsevol moment i sense necessitat de preav\u00eds, modificacions o actualitzacions de la informaci\u00f3 i de qualsevol dels elements que integrin el disseny i configuraci\u00f3 de la p\u00e0gina web.<\/p>\n\n\n\n<p><strong>Llei aplicable i jurisdicci\u00f3:<\/strong><\/p>\n\n\n\n<p>L&#8217;\u00fas d&#8217;aquest lloc web implica l&#8217;acceptaci\u00f3 plena dels termes i condicions en el present av\u00eds legal. Els possibles conflictes relatius a aquest web es regiran exclusivament per la legislaci\u00f3 espanyola, sent competents els Jutjats i Tribunals espanyols per a con\u00e8ixer qualsevol q\u00fcesti\u00f3 que es susciti sobre ella. L&#8217;usuari, en virtut de la seva acceptaci\u00f3 ren\u00fancia expressament a qualsevol fur que per aplicaci\u00f3 de la Llei d&#8217;Enjudiciament Civil vigent li&nbsp; pogu\u00e9s correspondre.<\/p>\n","protected":false},"excerpt":{"rendered":"<p>Informaci\u00f3 de Conformitat amb l&#8217;article 10 de la LSSI El titular d&#8217;aquesta web \u00e9s: Identitat: CHRISTIAN WILLIAM S\u00c0NCHEZ CONNO (en endavant \u201cDE SOC ARREL\u201d) NIF: 47779766A Adre\u00e7a: Crta. Reial 106 8\u00e8 66 08960 Sant Just Desvern Tel.: 696868412 E-mail: christian@desocarrel.com Condicions d&#8217;\u00fas L&#8217;\u00fas d&#8217;aquest web implica l&#8217;acceptaci\u00f3 plena dels termes i condicions del present av\u00eds [&hellip;]<\/p>\n","protected":false},"author":1,"featured_media":0,"parent":0,"menu_order":210,"comment_status":"closed","ping_status":"closed","template":"page-templates\/page-legal.php","meta":{"_acf_changed":false,"footnotes":""},"class_list":["post-417","page","type-page","status-publish","hentry"],"acf":[],"yoast_head":"<!-- This site is optimized with the Yoast SEO plugin v27.4 - https:\/\/yoast.com\/product\/yoast-seo-wordpress\/ -->\n<title>Av\u00eds Legal - Desocarrel<\/title>\n<meta name=\"robots\" content=\"noindex, nofollow\" \/>\n<meta property=\"og:locale\" content=\"ca_ES\" \/>\n<meta property=\"og:type\" content=\"article\" \/>\n<meta property=\"og:title\" content=\"Av\u00eds Legal - Desocarrel\" \/>\n<meta property=\"og:description\" content=\"Informaci\u00f3 de Conformitat amb l&#8217;article 10 de la LSSI El titular d&#8217;aquesta web \u00e9s: Identitat: CHRISTIAN WILLIAM S\u00c0NCHEZ CONNO (en endavant \u201cDE SOC ARREL\u201d) NIF: 47779766A Adre\u00e7a: Crta. Reial 106 8\u00e8 66 08960 Sant Just Desvern Tel.: 696868412 E-mail: christian@desocarrel.com Condicions d&#8217;\u00fas L&#8217;\u00fas d&#8217;aquest web implica l&#8217;acceptaci\u00f3 plena dels termes i condicions del present av\u00eds [&hellip;]\" \/>\n<meta property=\"og:url\" content=\"https:\/\/www.desocarrel.com\/ca\/avis-legal\/\" \/>\n<meta property=\"og:site_name\" content=\"Desocarrel\" \/>\n<meta property=\"article:modified_time\" content=\"2022-03-15T17:09:25+00:00\" \/>\n<meta name=\"twitter:card\" content=\"summary_large_image\" \/>\n<meta name=\"twitter:label1\" content=\"Temps estimat de lectura\" \/>\n\t<meta name=\"twitter:data1\" content=\"2 minuts\" \/>\n<script type=\"application\/ld+json\" class=\"yoast-schema-graph\">{\"@context\":\"https:\\\/\\\/schema.org\",\"@graph\":[{\"@type\":\"WebPage\",\"@id\":\"https:\\\/\\\/www.desocarrel.com\\\/ca\\\/avis-legal\\\/\",\"url\":\"https:\\\/\\\/www.desocarrel.com\\\/ca\\\/avis-legal\\\/\",\"name\":\"Av\u00eds Legal - Desocarrel\",\"isPartOf\":{\"@id\":\"https:\\\/\\\/www.desocarrel.com\\\/ca\\\/#website\"},\"datePublished\":\"2022-02-26T09:26:22+00:00\",\"dateModified\":\"2022-03-15T17:09:25+00:00\",\"breadcrumb\":{\"@id\":\"https:\\\/\\\/www.desocarrel.com\\\/ca\\\/avis-legal\\\/#breadcrumb\"},\"inLanguage\":\"ca\",\"potentialAction\":[{\"@type\":\"ReadAction\",\"target\":[\"https:\\\/\\\/www.desocarrel.com\\\/ca\\\/avis-legal\\\/\"]}]},{\"@type\":\"BreadcrumbList\",\"@id\":\"https:\\\/\\\/www.desocarrel.com\\\/ca\\\/avis-legal\\\/#breadcrumb\",\"itemListElement\":[{\"@type\":\"ListItem\",\"position\":1,\"name\":\"Inici\",\"item\":\"https:\\\/\\\/www.desocarrel.com\\\/ca\\\/\"},{\"@type\":\"ListItem\",\"position\":2,\"name\":\"Av\u00eds Legal\"}]},{\"@type\":\"WebSite\",\"@id\":\"https:\\\/\\\/www.desocarrel.com\\\/ca\\\/#website\",\"url\":\"https:\\\/\\\/www.desocarrel.com\\\/ca\\\/\",\"name\":\"Desocarrel\",\"description\":\"Desocarrel\",\"publisher\":{\"@id\":\"https:\\\/\\\/www.desocarrel.com\\\/ca\\\/#organization\"},\"potentialAction\":[{\"@type\":\"SearchAction\",\"target\":{\"@type\":\"EntryPoint\",\"urlTemplate\":\"https:\\\/\\\/www.desocarrel.com\\\/ca\\\/?s={search_term_string}\"},\"query-input\":{\"@type\":\"PropertyValueSpecification\",\"valueRequired\":true,\"valueName\":\"search_term_string\"}}],\"inLanguage\":\"ca\"},{\"@type\":\"Organization\",\"@id\":\"https:\\\/\\\/www.desocarrel.com\\\/ca\\\/#organization\",\"name\":\"Desocarrel\",\"url\":\"https:\\\/\\\/www.desocarrel.com\\\/ca\\\/\",\"logo\":{\"@type\":\"ImageObject\",\"inLanguage\":\"ca\",\"@id\":\"https:\\\/\\\/www.desocarrel.com\\\/ca\\\/#\\\/schema\\\/logo\\\/image\\\/\",\"url\":\"https:\\\/\\\/www.desocarrel.com\\\/wp-content\\\/uploads\\\/2022\\\/02\\\/favicon.png\",\"contentUrl\":\"https:\\\/\\\/www.desocarrel.com\\\/wp-content\\\/uploads\\\/2022\\\/02\\\/favicon.png\",\"width\":65,\"height\":64,\"caption\":\"Desocarrel\"},\"image\":{\"@id\":\"https:\\\/\\\/www.desocarrel.com\\\/ca\\\/#\\\/schema\\\/logo\\\/image\\\/\"},\"sameAs\":[\"https:\\\/\\\/www.instagram.com\\\/desocarrel\\\/\"]}]}<\/script>\n<!-- \/ Yoast SEO plugin. -->","yoast_head_json":{"title":"Av\u00eds Legal - Desocarrel","robots":{"index":"noindex","follow":"nofollow"},"og_locale":"ca_ES","og_type":"article","og_title":"Av\u00eds Legal - Desocarrel","og_description":"Informaci\u00f3 de Conformitat amb l&#8217;article 10 de la LSSI El titular d&#8217;aquesta web \u00e9s: Identitat: CHRISTIAN WILLIAM S\u00c0NCHEZ CONNO (en endavant \u201cDE SOC ARREL\u201d) NIF: 47779766A Adre\u00e7a: Crta. Reial 106 8\u00e8 66 08960 Sant Just Desvern Tel.: 696868412 E-mail: christian@desocarrel.com Condicions d&#8217;\u00fas L&#8217;\u00fas d&#8217;aquest web implica l&#8217;acceptaci\u00f3 plena dels termes i condicions del present av\u00eds [&hellip;]","og_url":"https:\/\/www.desocarrel.com\/ca\/avis-legal\/","og_site_name":"Desocarrel","article_modified_time":"2022-03-15T17:09:25+00:00","twitter_card":"summary_large_image","twitter_misc":{"Temps estimat de lectura":"2 minuts"},"schema":{"@context":"https:\/\/schema.org","@graph":[{"@type":"WebPage","@id":"https:\/\/www.desocarrel.com\/ca\/avis-legal\/","url":"https:\/\/www.desocarrel.com\/ca\/avis-legal\/","name":"Av\u00eds Legal - Desocarrel","isPartOf":{"@id":"https:\/\/www.desocarrel.com\/ca\/#website"},"datePublished":"2022-02-26T09:26:22+00:00","dateModified":"2022-03-15T17:09:25+00:00","breadcrumb":{"@id":"https:\/\/www.desocarrel.com\/ca\/avis-legal\/#breadcrumb"},"inLanguage":"ca","potentialAction":[{"@type":"ReadAction","target":["https:\/\/www.desocarrel.com\/ca\/avis-legal\/"]}]},{"@type":"BreadcrumbList","@id":"https:\/\/www.desocarrel.com\/ca\/avis-legal\/#breadcrumb","itemListElement":[{"@type":"ListItem","position":1,"name":"Inici","item":"https:\/\/www.desocarrel.com\/ca\/"},{"@type":"ListItem","position":2,"name":"Av\u00eds Legal"}]},{"@type":"WebSite","@id":"https:\/\/www.desocarrel.com\/ca\/#website","url":"https:\/\/www.desocarrel.com\/ca\/","name":"Desocarrel","description":"Desocarrel","publisher":{"@id":"https:\/\/www.desocarrel.com\/ca\/#organization"},"potentialAction":[{"@type":"SearchAction","target":{"@type":"EntryPoint","urlTemplate":"https:\/\/www.desocarrel.com\/ca\/?s={search_term_string}"},"query-input":{"@type":"PropertyValueSpecification","valueRequired":true,"valueName":"search_term_string"}}],"inLanguage":"ca"},{"@type":"Organization","@id":"https:\/\/www.desocarrel.com\/ca\/#organization","name":"Desocarrel","url":"https:\/\/www.desocarrel.com\/ca\/","logo":{"@type":"ImageObject","inLanguage":"ca","@id":"https:\/\/www.desocarrel.com\/ca\/#\/schema\/logo\/image\/","url":"https:\/\/www.desocarrel.com\/wp-content\/uploads\/2022\/02\/favicon.png","contentUrl":"https:\/\/www.desocarrel.com\/wp-content\/uploads\/2022\/02\/favicon.png","width":65,"height":64,"caption":"Desocarrel"},"image":{"@id":"https:\/\/www.desocarrel.com\/ca\/#\/schema\/logo\/image\/"},"sameAs":["https:\/\/www.instagram.com\/desocarrel\/"]}]}},"_links":{"self":[{"href":"https:\/\/www.desocarrel.com\/ca\/wp-json\/wp\/v2\/pages\/417","targetHints":{"allow":["GET"]}}],"collection":[{"href":"https:\/\/www.desocarrel.com\/ca\/wp-json\/wp\/v2\/pages"}],"about":[{"href":"https:\/\/www.desocarrel.com\/ca\/wp-json\/wp\/v2\/types\/page"}],"author":[{"embeddable":true,"href":"https:\/\/www.desocarrel.com\/ca\/wp-json\/wp\/v2\/users\/1"}],"replies":[{"embeddable":true,"href":"https:\/\/www.desocarrel.com\/ca\/wp-json\/wp\/v2\/comments?post=417"}],"version-history":[{"count":1,"href":"https:\/\/www.desocarrel.com\/ca\/wp-json\/wp\/v2\/pages\/417\/revisions"}],"predecessor-version":[{"id":418,"href":"https:\/\/www.desocarrel.com\/ca\/wp-json\/wp\/v2\/pages\/417\/revisions\/418"}],"wp:attachment":[{"href":"https:\/\/www.desocarrel.com\/ca\/wp-json\/wp\/v2\/media?parent=417"}],"curies":[{"name":"wp","href":"https:\/\/api.w.org\/{rel}","templated":true}]}}