{"id":442,"date":"2022-02-26T10:27:56","date_gmt":"2022-02-26T10:27:56","guid":{"rendered":"https:\/\/www.desocarrel.com\/?page_id=442"},"modified":"2022-03-15T17:09:42","modified_gmt":"2022-03-15T17:09:42","slug":"politica-de-cookies","status":"publish","type":"page","link":"https:\/\/www.desocarrel.com\/ca\/politica-de-cookies\/","title":{"rendered":"Pol\u00edtica de cookies"},"content":{"rendered":"<div class=\"cli_pg_page_contaner\">\n<h3>Sobre aquesta pol\u00edtica de cookies.<\/h3>\n<div>Aquesta Pol\u00edtica de galetes explica qu\u00e8 s\u00f3n les galetes i com les fem servir. Heu de llegir aquesta pol\u00edtica per entendre qu\u00e8 s\u00f3n les galetes, com les fem servir, els tipus de galetes que fem servir, \u00e9s a dir, la informaci\u00f3 que recopilem mitjan\u00e7ant galetes i com s&#8217;utilitza aquesta informaci\u00f3 i com controlar les prefer\u00e8ncies de les galetes. Per obtenir m\u00e9s informaci\u00f3 sobre com fem servir, emmagatzemar i protegir les vostres dades personals, consulteu la nostra Pol\u00edtica de privadesa.<\/p>\n<p>Podeu canviar o retirar el vostre consentiment en qualsevol moment de la Declaraci\u00f3 de galetes del nostre lloc web.<br \/>\nObteniu m\u00e9s informaci\u00f3 sobre qui som, com podeu contactar amb nosaltres i com processem les dades personals a la nostra Pol\u00edtica de privadesa.<br \/>\nEl vostre consentiment s&#8217;aplica als dominis seg\u00fcents: www.desocarrel.com<br \/>\n<div class=\"wt-cli-element cli_user_consent_state\"><\/div><\/p>\n<\/div>\n<h3>Qu\u00e8 s\u00f3n les galetes?<\/h3>\n<div>Les galetes s\u00f3n petits fitxers de text que s&#8217;utilitzen per emmagatzemar petites peces d&#8217;informaci\u00f3. Les cookies s&#8217;emmagatzemen al vostre dispositiu quan el lloc web es carrega al vostre navegador. Aquestes galetes ens ajuden a fer que el lloc web funcioni correctament, a fer-lo m\u00e9s segur, a oferir una millor experi\u00e8ncia d&#8217;usuari i a entendre com funciona el lloc web i a analitzar qu\u00e8 funciona i on cal millorar.<\/div>\n<h3>Com fem servir les cookies?<\/h3>\n<div>Com la majoria dels serveis en l\u00ednia, el nostre lloc web utilitza galetes galetes pr\u00f2pies i de tercers per a diversos prop\u00f2sits. Les galetes pr\u00f2pies s\u00f3n b\u00e0sicament necess\u00e0ries perqu\u00e8 el lloc web funcioni correctament i no recullen cap de les vostres dades d&#8217;identificaci\u00f3 personal.<\/p>\n<p>Les galetes de tercers que s&#8217;utilitzen als nostres llocs web s&#8217;utilitzen principalment per entendre com funciona el lloc web, com interactueu amb el nostre lloc web, mantenir els nostres serveis segurs, oferir anuncis que us siguin rellevants i, tot plegat, oferir-vos un una experi\u00e8ncia d&#8217;usuari millor i millorada i ajudeu a accelerar les vostres futures interaccions amb el nostre lloc web.<\/p>\n<\/div>\n<h3>Quins tipus de cookies utilitzem?<\/h3>\n<div>Les cookies utilitzades al nostre lloc web s&#8217;agrupen en les seg\u00fcents categories.<br \/>\n<div class=\"wt-cli-element cli_cookie_category_single\"><div class=\"cli_cookie_category_single\"><h5 class=\"cli_cookie_category_single_hd\">Necess\u00e0ria<\/h5><div class=\"cli_cookie_category_single_description\"><p>Les cookies necess\u00e0ries s\u00f3n absolutament essencials perqu\u00e8 el lloc web funcioni correctament. Aquestes cookies garanteixen les funcionalitats b\u00e0siques i les caracter\u00edstiques de seguretat del lloc web, de forma an\u00f2nima.\r\n<table class=\"wt-cli-element cookielawinfo-row-cat-table cookielawinfo-winter\"><thead><tr><th scope=\"col\" class=\"cookielawinfo-column-1\">Cookie<\/th><th scope=\"col\" class=\"cookielawinfo-column-3\">Durada<\/th><th scope=\"col\" class=\"cookielawinfo-column-4\">Descripci\u00f3<\/th><\/tr><\/thead><tbody><tr class=\"cookielawinfo-row\"><td class=\"cookielawinfo-column-1\">cookielawinfo-checkbox-analytics<\/td><td class=\"cookielawinfo-column-3\">11 mesos<\/td><td class=\"cookielawinfo-column-4\">Aquesta galeta l'estableix el connector de consentiment de galetes de GDPR. La cookie s'utilitza per emmagatzemar el consentiment de l'usuari per a les cookies de la categoria \"Anal\u00edtica\".<\/td><\/tr><tr class=\"cookielawinfo-row\"><td class=\"cookielawinfo-column-1\">cookielawinfo-checkbox-functional<\/td><td class=\"cookielawinfo-column-3\">11 mesos<\/td><td class=\"cookielawinfo-column-4\">La cookie s'estableix pel consentiment de la cookie del GDPR per registrar el consentiment de l'usuari per a les cookies a la categoria \"Funcionals\".<\/td><\/tr><tr class=\"cookielawinfo-row\"><td class=\"cookielawinfo-column-1\">cookielawinfo-checkbox-necessary<\/td><td class=\"cookielawinfo-column-3\">11 mesos<\/td><td class=\"cookielawinfo-column-4\">Aquesta galeta l'estableix el connector de consentiment de galetes de GDPR. Les cookies s'utilitzen per emmagatzemar el consentiment de l'usuari per a les cookies de la categoria \"Necess\u00e0ries\".<\/td><\/tr><tr class=\"cookielawinfo-row\"><td class=\"cookielawinfo-column-1\">viewed_cookie_policy<\/td><td class=\"cookielawinfo-column-3\">11 mesos<\/td><td class=\"cookielawinfo-column-4\">La galeta la configura el connector de consentiment de galetes GDPR i s'utilitza per emmagatzemar si l'usuari ha consentit o no l'\u00fas de galetes. No emmagatzema cap dada personal.<\/td><\/tr><\/tbody><\/table><\/p><\/div><\/div><div class=\"cli_cookie_category_single\"><h5 class=\"cli_cookie_category_single_hd\">Anal\u00edtica<\/h5><div class=\"cli_cookie_category_single_description\"><p>Les galetes anal\u00edtiques s'utilitzen per entendre com interactuen els visitants amb el lloc web. Aquestes galetes ajuden a proporcionar informaci\u00f3 sobre m\u00e8triques de nombre de visitants, percentatge de rebots, font de tr\u00e0nsit, etc.\r\n<table class=\"wt-cli-element cookielawinfo-row-cat-table cookielawinfo-winter\"><thead><tr><th scope=\"col\" class=\"cookielawinfo-column-1\">Cookie<\/th><th scope=\"col\" class=\"cookielawinfo-column-3\">Durada<\/th><th scope=\"col\" class=\"cookielawinfo-column-4\">Descripci\u00f3<\/th><\/tr><\/thead><tbody><tr class=\"cookielawinfo-row\"><td class=\"cookielawinfo-column-1\">_ga<\/td><td class=\"cookielawinfo-column-3\">2 anys<\/td><td class=\"cookielawinfo-column-4\">El cookie _ga, instal\u00b7lat per Google Analytics, calculadors visitant, sessi\u00f3 i data de campanya i al mateix temps emmagatzemar el lloc utilitzat per a l'informe anal\u00edtic del lloc. La cookie emmagatzema informaci\u00f3 de forma an\u00f2nima i assigna un n\u00famero generat aleat\u00f2riament per recon\u00e8ixer els visitants \u00fanics.<\/td><\/tr><tr class=\"cookielawinfo-row\"><td class=\"cookielawinfo-column-1\">_ga_4C3SWJEZKB<\/td><td class=\"cookielawinfo-column-3\">2 anys<\/td><td class=\"cookielawinfo-column-4\">Aquesta cookie \u00e9s instal\u00b7lada per Google Analytics.<\/td><\/tr><\/tbody><\/table><\/p><\/div><\/div><div class=\"cli_cookie_category_single\"><h5 class=\"cli_cookie_category_single_hd\">Funcional<\/h5><div class=\"cli_cookie_category_single_description\"><p>Les galetes funcionals s\u2019utilitzen per facilitar als visitants la navegaci\u00f3 amb el lloc web. <table class=\"wt-cli-element cookielawinfo-row-cat-table cookielawinfo-winter\"><thead><tr><th scope=\"col\" class=\"cookielawinfo-column-1\">Cookie<\/th><th scope=\"col\" class=\"cookielawinfo-column-3\">Durada<\/th><th scope=\"col\" class=\"cookielawinfo-column-4\">Descripci\u00f3<\/th><\/tr><\/thead><tbody><tr class=\"cookielawinfo-row\"><td class=\"cookielawinfo-column-1\">wp-wpml_current_language<\/td><td class=\"cookielawinfo-column-3\">session<\/td><td class=\"cookielawinfo-column-4\">Guardar configuraci\u00f3 de llenguatge<\/td><\/tr><\/tbody><\/table><\/p><\/div><\/div><\/div><br \/>\nLa llista seg\u00fcent detalla les cookies utilitzades al nostre lloc web.<br \/>\n<table class=\"wt-cli-element cookielawinfo-classic cookielawinfo-row-cat-table\"><thead><tr><th scope=\"col\" class=\"cookielawinfo-column-1\">Cookie<\/th><th scope=\"col\" class=\"cookielawinfo-column-4\">Descripci\u00f3<\/th><\/thead><tbody><tr class=\"cookielawinfo-row-cat-title\"><th colspan=\"2\" class=\"cookielawinfo-row-cat-title-head\">Necess\u00e0ria<\/th><\/tr><tr class=\"cookielawinfo-row\"><td class=\"cookielawinfo-column-1\">viewed_cookie_policy<\/td><td class=\"cookielawinfo-column-4\">La galeta la configura el connector de consentiment de galetes GDPR i s'utilitza per emmagatzemar si l'usuari ha consentit o no l'\u00fas de galetes. No emmagatzema cap dada personal.<\/td><\/tr><tr class=\"cookielawinfo-row\"><td class=\"cookielawinfo-column-1\">cookielawinfo-checkbox-necessary<\/td><td class=\"cookielawinfo-column-4\">Aquesta galeta l'estableix el connector de consentiment de galetes de GDPR. Les cookies s'utilitzen per emmagatzemar el consentiment de l'usuari per a les cookies de la categoria \"Necess\u00e0ries\".<\/td><\/tr><tr class=\"cookielawinfo-row\"><td class=\"cookielawinfo-column-1\">cookielawinfo-checkbox-functional<\/td><td class=\"cookielawinfo-column-4\">La cookie s'estableix pel consentiment de la cookie del GDPR per registrar el consentiment de l'usuari per a les cookies a la categoria \"Funcionals\".<\/td><\/tr><tr class=\"cookielawinfo-row\"><td class=\"cookielawinfo-column-1\">cookielawinfo-checkbox-analytics<\/td><td class=\"cookielawinfo-column-4\">Aquesta galeta l'estableix el connector de consentiment de galetes de GDPR. La cookie s'utilitza per emmagatzemar el consentiment de l'usuari per a les cookies de la categoria \"Anal\u00edtica\".<\/td><\/tr><tr class=\"cookielawinfo-row-cat-title\"><th colspan=\"2\" class=\"cookielawinfo-row-cat-title-head\">Anal\u00edtica<\/th><\/tr><tr class=\"cookielawinfo-row\"><td class=\"cookielawinfo-column-1\">_ga<\/td><td class=\"cookielawinfo-column-4\">El cookie _ga, instal\u00b7lat per Google Analytics, calculadors visitant, sessi\u00f3 i data de campanya i al mateix temps emmagatzemar el lloc utilitzat per a l'informe anal\u00edtic del lloc. La cookie emmagatzema informaci\u00f3 de forma an\u00f2nima i assigna un n\u00famero generat aleat\u00f2riament per recon\u00e8ixer els visitants \u00fanics.<\/td><\/tr><tr class=\"cookielawinfo-row\"><td class=\"cookielawinfo-column-1\">_ga_4C3SWJEZKB<\/td><td class=\"cookielawinfo-column-4\">Aquesta cookie \u00e9s instal\u00b7lada per Google Analytics.<\/td><\/tr><tr class=\"cookielawinfo-row-cat-title\"><th colspan=\"2\" class=\"cookielawinfo-row-cat-title-head\">Funcional<\/th><\/tr><tr class=\"cookielawinfo-row\"><td class=\"cookielawinfo-column-1\">wp-wpml_current_language<\/td><td class=\"cookielawinfo-column-4\">Guardar configuraci\u00f3 de llenguatge<\/td><\/tr><\/tbody><\/table><\/div>\n<h3>Com puc controlar les prefer\u00e8ncies de les galetes?<\/h3>\n<div>Podeu gestionar les vostres prefer\u00e8ncies de galetes fent clic al bot\u00f3 &#8220;Configuraci\u00f3&#8221; i activant o desactivant les categories de galetes a la finestra emergent segons les vostres prefer\u00e8ncies.<\/p>\n<p>Si decideixes canviar les teves prefer\u00e8ncies m\u00e9s tard durant la sessi\u00f3 de navegaci\u00f3, pots fer clic a la pestanya &#8220;Privadesa i Pol\u00edtica de galetes&#8221; a la teva pantalla. Aix\u00f2 tornar\u00e0 a mostrar l&#8217;av\u00eds de consentiment que us permetr\u00e0 canviar les vostres prefer\u00e8ncies o retirar el vostre consentiment completament.<\/p>\n<p>A m\u00e9s d&#8217;aix\u00f2, diferents navegadors ofereixen diferents m\u00e8todes per bloquejar i eliminar les galetes utilitzades pels llocs web. Podeu canviar la configuraci\u00f3 del vostre navegador per bloquejar\/eliminar les cookies. Per obtenir m\u00e9s informaci\u00f3 sobre com gestionar i eliminar les galetes, visiteu wikipedia.org, www.allaboutcookies.org.<\/p>\n<\/div>\n<\/div>\n","protected":false},"excerpt":{"rendered":"<p>Sobre aquesta pol\u00edtica de cookies. Aquesta Pol\u00edtica de galetes explica qu\u00e8 s\u00f3n les galetes i com les fem servir. Heu de llegir aquesta pol\u00edtica per entendre qu\u00e8 s\u00f3n les galetes, com les fem servir, els tipus de galetes que fem servir, \u00e9s a dir, la informaci\u00f3 que recopilem mitjan\u00e7ant galetes i com s&#8217;utilitza aquesta informaci\u00f3 [&hellip;]<\/p>\n","protected":false},"author":1,"featured_media":0,"parent":0,"menu_order":220,"comment_status":"closed","ping_status":"closed","template":"page-templates\/page-legal.php","meta":{"_acf_changed":false,"footnotes":""},"class_list":["post-442","page","type-page","status-publish","hentry"],"acf":[],"yoast_head":"<!-- This site is optimized with the Yoast SEO plugin v27.4 - https:\/\/yoast.com\/product\/yoast-seo-wordpress\/ -->\n<title>Pol\u00edtica de cookies - Desocarrel<\/title>\n<meta name=\"robots\" content=\"noindex, nofollow\" \/>\n<meta property=\"og:locale\" content=\"ca_ES\" \/>\n<meta property=\"og:type\" content=\"article\" \/>\n<meta property=\"og:title\" content=\"Pol\u00edtica de cookies - Desocarrel\" \/>\n<meta property=\"og:description\" content=\"Sobre aquesta pol\u00edtica de cookies. Aquesta Pol\u00edtica de galetes explica qu\u00e8 s\u00f3n les galetes i com les fem servir. Heu de llegir aquesta pol\u00edtica per entendre qu\u00e8 s\u00f3n les galetes, com les fem servir, els tipus de galetes que fem servir, \u00e9s a dir, la informaci\u00f3 que recopilem mitjan\u00e7ant galetes i com s&#8217;utilitza aquesta informaci\u00f3 [&hellip;]\" \/>\n<meta property=\"og:url\" content=\"https:\/\/www.desocarrel.com\/ca\/politica-de-cookies\/\" \/>\n<meta property=\"og:site_name\" content=\"Desocarrel\" \/>\n<meta property=\"article:modified_time\" content=\"2022-03-15T17:09:42+00:00\" \/>\n<meta name=\"twitter:card\" content=\"summary_large_image\" \/>\n<meta name=\"twitter:label1\" content=\"Temps estimat de lectura\" \/>\n\t<meta name=\"twitter:data1\" content=\"3 minuts\" \/>\n<script type=\"application\/ld+json\" class=\"yoast-schema-graph\">{\"@context\":\"https:\\\/\\\/schema.org\",\"@graph\":[{\"@type\":\"WebPage\",\"@id\":\"https:\\\/\\\/www.desocarrel.com\\\/ca\\\/politica-de-cookies\\\/\",\"url\":\"https:\\\/\\\/www.desocarrel.com\\\/ca\\\/politica-de-cookies\\\/\",\"name\":\"Pol\u00edtica de cookies - Desocarrel\",\"isPartOf\":{\"@id\":\"https:\\\/\\\/www.desocarrel.com\\\/ca\\\/#website\"},\"datePublished\":\"2022-02-26T10:27:56+00:00\",\"dateModified\":\"2022-03-15T17:09:42+00:00\",\"breadcrumb\":{\"@id\":\"https:\\\/\\\/www.desocarrel.com\\\/ca\\\/politica-de-cookies\\\/#breadcrumb\"},\"inLanguage\":\"ca\",\"potentialAction\":[{\"@type\":\"ReadAction\",\"target\":[\"https:\\\/\\\/www.desocarrel.com\\\/ca\\\/politica-de-cookies\\\/\"]}]},{\"@type\":\"BreadcrumbList\",\"@id\":\"https:\\\/\\\/www.desocarrel.com\\\/ca\\\/politica-de-cookies\\\/#breadcrumb\",\"itemListElement\":[{\"@type\":\"ListItem\",\"position\":1,\"name\":\"Inici\",\"item\":\"https:\\\/\\\/www.desocarrel.com\\\/ca\\\/\"},{\"@type\":\"ListItem\",\"position\":2,\"name\":\"Pol\u00edtica de cookies\"}]},{\"@type\":\"WebSite\",\"@id\":\"https:\\\/\\\/www.desocarrel.com\\\/ca\\\/#website\",\"url\":\"https:\\\/\\\/www.desocarrel.com\\\/ca\\\/\",\"name\":\"Desocarrel\",\"description\":\"Desocarrel\",\"publisher\":{\"@id\":\"https:\\\/\\\/www.desocarrel.com\\\/ca\\\/#organization\"},\"potentialAction\":[{\"@type\":\"SearchAction\",\"target\":{\"@type\":\"EntryPoint\",\"urlTemplate\":\"https:\\\/\\\/www.desocarrel.com\\\/ca\\\/?s={search_term_string}\"},\"query-input\":{\"@type\":\"PropertyValueSpecification\",\"valueRequired\":true,\"valueName\":\"search_term_string\"}}],\"inLanguage\":\"ca\"},{\"@type\":\"Organization\",\"@id\":\"https:\\\/\\\/www.desocarrel.com\\\/ca\\\/#organization\",\"name\":\"Desocarrel\",\"url\":\"https:\\\/\\\/www.desocarrel.com\\\/ca\\\/\",\"logo\":{\"@type\":\"ImageObject\",\"inLanguage\":\"ca\",\"@id\":\"https:\\\/\\\/www.desocarrel.com\\\/ca\\\/#\\\/schema\\\/logo\\\/image\\\/\",\"url\":\"https:\\\/\\\/www.desocarrel.com\\\/wp-content\\\/uploads\\\/2022\\\/02\\\/favicon.png\",\"contentUrl\":\"https:\\\/\\\/www.desocarrel.com\\\/wp-content\\\/uploads\\\/2022\\\/02\\\/favicon.png\",\"width\":65,\"height\":64,\"caption\":\"Desocarrel\"},\"image\":{\"@id\":\"https:\\\/\\\/www.desocarrel.com\\\/ca\\\/#\\\/schema\\\/logo\\\/image\\\/\"},\"sameAs\":[\"https:\\\/\\\/www.instagram.com\\\/desocarrel\\\/\"]}]}<\/script>\n<!-- \/ Yoast SEO plugin. -->","yoast_head_json":{"title":"Pol\u00edtica de cookies - Desocarrel","robots":{"index":"noindex","follow":"nofollow"},"og_locale":"ca_ES","og_type":"article","og_title":"Pol\u00edtica de cookies - Desocarrel","og_description":"Sobre aquesta pol\u00edtica de cookies. Aquesta Pol\u00edtica de galetes explica qu\u00e8 s\u00f3n les galetes i com les fem servir. Heu de llegir aquesta pol\u00edtica per entendre qu\u00e8 s\u00f3n les galetes, com les fem servir, els tipus de galetes que fem servir, \u00e9s a dir, la informaci\u00f3 que recopilem mitjan\u00e7ant galetes i com s&#8217;utilitza aquesta informaci\u00f3 [&hellip;]","og_url":"https:\/\/www.desocarrel.com\/ca\/politica-de-cookies\/","og_site_name":"Desocarrel","article_modified_time":"2022-03-15T17:09:42+00:00","twitter_card":"summary_large_image","twitter_misc":{"Temps estimat de lectura":"3 minuts"},"schema":{"@context":"https:\/\/schema.org","@graph":[{"@type":"WebPage","@id":"https:\/\/www.desocarrel.com\/ca\/politica-de-cookies\/","url":"https:\/\/www.desocarrel.com\/ca\/politica-de-cookies\/","name":"Pol\u00edtica de cookies - Desocarrel","isPartOf":{"@id":"https:\/\/www.desocarrel.com\/ca\/#website"},"datePublished":"2022-02-26T10:27:56+00:00","dateModified":"2022-03-15T17:09:42+00:00","breadcrumb":{"@id":"https:\/\/www.desocarrel.com\/ca\/politica-de-cookies\/#breadcrumb"},"inLanguage":"ca","potentialAction":[{"@type":"ReadAction","target":["https:\/\/www.desocarrel.com\/ca\/politica-de-cookies\/"]}]},{"@type":"BreadcrumbList","@id":"https:\/\/www.desocarrel.com\/ca\/politica-de-cookies\/#breadcrumb","itemListElement":[{"@type":"ListItem","position":1,"name":"Inici","item":"https:\/\/www.desocarrel.com\/ca\/"},{"@type":"ListItem","position":2,"name":"Pol\u00edtica de cookies"}]},{"@type":"WebSite","@id":"https:\/\/www.desocarrel.com\/ca\/#website","url":"https:\/\/www.desocarrel.com\/ca\/","name":"Desocarrel","description":"Desocarrel","publisher":{"@id":"https:\/\/www.desocarrel.com\/ca\/#organization"},"potentialAction":[{"@type":"SearchAction","target":{"@type":"EntryPoint","urlTemplate":"https:\/\/www.desocarrel.com\/ca\/?s={search_term_string}"},"query-input":{"@type":"PropertyValueSpecification","valueRequired":true,"valueName":"search_term_string"}}],"inLanguage":"ca"},{"@type":"Organization","@id":"https:\/\/www.desocarrel.com\/ca\/#organization","name":"Desocarrel","url":"https:\/\/www.desocarrel.com\/ca\/","logo":{"@type":"ImageObject","inLanguage":"ca","@id":"https:\/\/www.desocarrel.com\/ca\/#\/schema\/logo\/image\/","url":"https:\/\/www.desocarrel.com\/wp-content\/uploads\/2022\/02\/favicon.png","contentUrl":"https:\/\/www.desocarrel.com\/wp-content\/uploads\/2022\/02\/favicon.png","width":65,"height":64,"caption":"Desocarrel"},"image":{"@id":"https:\/\/www.desocarrel.com\/ca\/#\/schema\/logo\/image\/"},"sameAs":["https:\/\/www.instagram.com\/desocarrel\/"]}]}},"_links":{"self":[{"href":"https:\/\/www.desocarrel.com\/ca\/wp-json\/wp\/v2\/pages\/442","targetHints":{"allow":["GET"]}}],"collection":[{"href":"https:\/\/www.desocarrel.com\/ca\/wp-json\/wp\/v2\/pages"}],"about":[{"href":"https:\/\/www.desocarrel.com\/ca\/wp-json\/wp\/v2\/types\/page"}],"author":[{"embeddable":true,"href":"https:\/\/www.desocarrel.com\/ca\/wp-json\/wp\/v2\/users\/1"}],"replies":[{"embeddable":true,"href":"https:\/\/www.desocarrel.com\/ca\/wp-json\/wp\/v2\/comments?post=442"}],"version-history":[{"count":5,"href":"https:\/\/www.desocarrel.com\/ca\/wp-json\/wp\/v2\/pages\/442\/revisions"}],"predecessor-version":[{"id":598,"href":"https:\/\/www.desocarrel.com\/ca\/wp-json\/wp\/v2\/pages\/442\/revisions\/598"}],"wp:attachment":[{"href":"https:\/\/www.desocarrel.com\/ca\/wp-json\/wp\/v2\/media?parent=442"}],"curies":[{"name":"wp","href":"https:\/\/api.w.org\/{rel}","templated":true}]}}