{"id":444,"date":"2022-02-26T10:27:56","date_gmt":"2022-02-26T10:27:56","guid":{"rendered":"https:\/\/www.desocarrel.com\/politica-de-cookies\/"},"modified":"2022-03-15T17:15:28","modified_gmt":"2022-03-15T17:15:28","slug":"politica-de-cookies","status":"publish","type":"page","link":"https:\/\/www.desocarrel.com\/es\/politica-de-cookies\/","title":{"rendered":"Pol\u00edtica de cookies"},"content":{"rendered":"<div class=\"cli_pg_page_contaner\">\n<h3>Acerca de esta pol\u00edtica de cookies.<\/h3>\n<div>Esta Pol\u00edtica de cookies explica qu\u00e9 son las cookies y c\u00f3mo las utilizamos. Debe leer esta pol\u00edtica para entender qu\u00e9 son las cookies, c\u00f3mo las utilizamos, los tipos de cookies que utilizamos, es decir, la informaci\u00f3n que recopilamos mediante cookies y c\u00f3mo se utiliza esta informaci\u00f3n y c\u00f3mo controlar las preferencias de las cookies . Para obtener m\u00e1s informaci\u00f3n sobre c\u00f3mo utilizar, almacenar y proteger sus datos personales, consulte nuestra Pol\u00edtica de privacidad.<\/div>\n<div><\/div>\n<\/div>\n<div>Puede cambiar o retirar su consentimiento en cualquier momento de la Declaraci\u00f3n de cookies de nuestro sitio web.<br \/>\nObtenga m\u00e1s informaci\u00f3n sobre qui\u00e9nes somos, c\u00f3mo puede contactar con nosotros y c\u00f3mo procesamos los datos personales en nuestra Pol\u00edtica de privacidad.<br \/>\nSu consentimiento se aplica a los siguientes dominios: www.desocarrel.com<\/div>\n<div class=\"cli_pg_page_contaner\">\n<div>\n<div class=\"wt-cli-element cli_user_consent_state\"><\/div>\n<\/div>\n<h3>\u00bfQu\u00e9 son las cookies?<\/h3>\n<div>Las cookies son peque\u00f1os archivos de texto que se utilizan para almacenar peque\u00f1as piezas de informaci\u00f3n. Las cookies se almacenan en su dispositivo cuando el sitio web se carga en su navegador. Estas cookies nos ayudan a que el sitio web funcione correctamente, a hacerlo m\u00e1s seguro, a ofrecer una mejor experiencia de usuario ya entender c\u00f3mo funciona el sitio web y analizar qu\u00e9 funciona y d\u00f3nde mejorar.<\/div>\n<h3>\u00bfC\u00f3mo utilizamos las cookies?<\/h3>\n<div>Como la mayor\u00eda de los servicios online, nuestro sitio web utiliza cookies propias y de terceros para varios prop\u00f3sitos. Las cookies propias son b\u00e1sicamente necesarias para que el sitio web funcione correctamente y no recogen ninguno de sus datos de identificaci\u00f3n personal.Las cookies de terceros que se utilizan en nuestros sitios web se utilizan principalmente para entender c\u00f3mo funciona el sitio web, c\u00f3mo interact\u00faa con nuestro sitio web, mantener nuestros servicios seguros, ofrecer anuncios que le sean relevantes y, todo ello, ofrecer os una experiencia de usuario mejor y mejorada y ayude a acelerar sus futuras interacciones con nuestro sitio web.<\/p>\n<\/div>\n<h3>\u00bfQu\u00e9 tipos de cookies utilizamos?<\/h3>\n<div>Las cookies utilizadas en nuestro sitio web se agrupan en las siguientes categor\u00edas.<br \/>\n<div class=\"wt-cli-element cli_cookie_category_single\"><div class=\"cli_cookie_category_single\"><h5 class=\"cli_cookie_category_single_hd\">Necesaria<\/h5><div class=\"cli_cookie_category_single_description\"><p>\r\nLas cookies necesarias son absolutamente esenciales para que el sitio web funcione correctamente. Estas cookies garantizan las funcionalidades b\u00e1sicas y caracter\u00edsticas de seguridad del sitio web, de forma an\u00f3nima.\r\n<table class=\"wt-cli-element cookielawinfo-row-cat-table cookielawinfo-winter\"><thead><tr><th scope=\"col\" class=\"cookielawinfo-column-1\">Cookie<\/th><th scope=\"col\" class=\"cookielawinfo-column-3\">Duraci\u00f3n<\/th><th scope=\"col\" class=\"cookielawinfo-column-4\">Descripci\u00f3n<\/th><\/tr><\/thead><tbody><tr class=\"cookielawinfo-row\"><td class=\"cookielawinfo-column-1\">cookielawinfo-checkbox-analytics<\/td><td class=\"cookielawinfo-column-3\">11 meses<\/td><td class=\"cookielawinfo-column-4\">Esta cookie la establece el conector de consentimiento de cookies de GDPR. La cookie se utiliza para almacenar el consentimiento del usuario para las cookies de la categor\u00eda \"Anal\u00edtica\".<\/td><\/tr><tr class=\"cookielawinfo-row\"><td class=\"cookielawinfo-column-1\">cookielawinfo-checkbox-functional<\/td><td class=\"cookielawinfo-column-3\">11 meses<\/td><td class=\"cookielawinfo-column-4\">La cookie se establece por el consentimiento de la cookie del GDPR para registrar el consentimiento del usuario para las cookies en la categor\u00eda \"Funcionales\".<\/td><\/tr><tr class=\"cookielawinfo-row\"><td class=\"cookielawinfo-column-1\">cookielawinfo-checkbox-necessary<\/td><td class=\"cookielawinfo-column-3\">11 meses<\/td><td class=\"cookielawinfo-column-4\">Esta cookie la establece el conector de consentimiento de cookies de GDPR. Las cookies se utilizan para almacenar el consentimiento del usuario para las cookies de la categor\u00eda \"Necesarias\".<\/td><\/tr><tr class=\"cookielawinfo-row\"><td class=\"cookielawinfo-column-1\">viewed_cookie_policy<\/td><td class=\"cookielawinfo-column-3\">11 meses<\/td><td class=\"cookielawinfo-column-4\">La cookie la configura el conector de consentimiento de cookies GDPR y se utiliza para almacenar si el usuario ha consentido o no el uso de cookies. No almacena ning\u00fan dato personal.<\/td><\/tr><\/tbody><\/table><\/p><\/div><\/div><div class=\"cli_cookie_category_single\"><h5 class=\"cli_cookie_category_single_hd\">Anal\u00edtica<\/h5><div class=\"cli_cookie_category_single_description\"><p>Las cookies anal\u00edticas se utilizan para entender c\u00f3mo interact\u00faan los visitantes con el sitio web. Estas cookies ayudan a proporcionar informaci\u00f3n sobre m\u00e9tricas de n\u00famero de visitantes, porcentaje de rebotes, fuente de tr\u00e1fico, etc.\r\n<table class=\"wt-cli-element cookielawinfo-row-cat-table cookielawinfo-winter\"><thead><tr><th scope=\"col\" class=\"cookielawinfo-column-1\">Cookie<\/th><th scope=\"col\" class=\"cookielawinfo-column-3\">Duraci\u00f3n<\/th><th scope=\"col\" class=\"cookielawinfo-column-4\">Descripci\u00f3n<\/th><\/tr><\/thead><tbody><tr class=\"cookielawinfo-row\"><td class=\"cookielawinfo-column-1\">_ga<\/td><td class=\"cookielawinfo-column-3\">2 a\u00f1os<\/td><td class=\"cookielawinfo-column-4\">El cookie _ga, instalado por Google Analytics, calculadores visitante, sesi\u00f3n y fecha de campa\u00f1a y al mismo tiempo almacenar el sitio utilizado para el informe anal\u00edtico del sitio. La cookie almacena informaci\u00f3n de forma an\u00f3nima y asigna un n\u00famero generado aleatoriamente para reconocer a los visitantes \u00fanicos.<\/td><\/tr><tr class=\"cookielawinfo-row\"><td class=\"cookielawinfo-column-1\">_ga_4C3SWJEZKB<\/td><td class=\"cookielawinfo-column-3\">2 a\u00f1os<\/td><td class=\"cookielawinfo-column-4\">Esta cookie es instalada por Google Analytics.<\/td><\/tr><\/tbody><\/table><\/p><\/div><\/div><div class=\"cli_cookie_category_single\"><h5 class=\"cli_cookie_category_single_hd\">Funcional<\/h5><div class=\"cli_cookie_category_single_description\"><p>Las cookies funcionales se utilizan para facilitar a los visitantes la navegaci\u00f3n con el sitio web. <table class=\"wt-cli-element cookielawinfo-row-cat-table cookielawinfo-winter\"><thead><tr><th scope=\"col\" class=\"cookielawinfo-column-1\">Cookie<\/th><th scope=\"col\" class=\"cookielawinfo-column-3\">Duraci\u00f3n<\/th><th scope=\"col\" class=\"cookielawinfo-column-4\">Descripci\u00f3n<\/th><\/tr><\/thead><tbody><tr class=\"cookielawinfo-row\"><td class=\"cookielawinfo-column-1\">wp-wpml_current_language<\/td><td class=\"cookielawinfo-column-3\">session<\/td><td class=\"cookielawinfo-column-4\">Guardar configuraci\u00f3n de lenguaje<\/td><\/tr><\/tbody><\/table><\/p><\/div><\/div><\/div><br \/>\nLa siguiente lista detalla las cookies utilizadas en nuestro sitio web.<br \/>\n<table class=\"wt-cli-element cookielawinfo-classic cookielawinfo-row-cat-table\"><thead><tr><th scope=\"col\" class=\"cookielawinfo-column-1\">Cookie<\/th><th scope=\"col\" class=\"cookielawinfo-column-4\">Descripci\u00f3n<\/th><\/thead><tbody><tr class=\"cookielawinfo-row-cat-title\"><th colspan=\"2\" class=\"cookielawinfo-row-cat-title-head\">Necesaria<\/th><\/tr><tr class=\"cookielawinfo-row\"><td class=\"cookielawinfo-column-1\">viewed_cookie_policy<\/td><td class=\"cookielawinfo-column-4\">La cookie la configura el conector de consentimiento de cookies GDPR y se utiliza para almacenar si el usuario ha consentido o no el uso de cookies. No almacena ning\u00fan dato personal.<\/td><\/tr><tr class=\"cookielawinfo-row\"><td class=\"cookielawinfo-column-1\">cookielawinfo-checkbox-necessary<\/td><td class=\"cookielawinfo-column-4\">Esta cookie la establece el conector de consentimiento de cookies de GDPR. Las cookies se utilizan para almacenar el consentimiento del usuario para las cookies de la categor\u00eda \"Necesarias\".<\/td><\/tr><tr class=\"cookielawinfo-row\"><td class=\"cookielawinfo-column-1\">cookielawinfo-checkbox-analytics<\/td><td class=\"cookielawinfo-column-4\">Esta cookie la establece el conector de consentimiento de cookies de GDPR. La cookie se utiliza para almacenar el consentimiento del usuario para las cookies de la categor\u00eda \"Anal\u00edtica\".<\/td><\/tr><tr class=\"cookielawinfo-row\"><td class=\"cookielawinfo-column-1\">cookielawinfo-checkbox-functional<\/td><td class=\"cookielawinfo-column-4\">La cookie se establece por el consentimiento de la cookie del GDPR para registrar el consentimiento del usuario para las cookies en la categor\u00eda \"Funcionales\".<\/td><\/tr><tr class=\"cookielawinfo-row-cat-title\"><th colspan=\"2\" class=\"cookielawinfo-row-cat-title-head\">Anal\u00edtica<\/th><\/tr><tr class=\"cookielawinfo-row\"><td class=\"cookielawinfo-column-1\">_ga<\/td><td class=\"cookielawinfo-column-4\">El cookie _ga, instalado por Google Analytics, calculadores visitante, sesi\u00f3n y fecha de campa\u00f1a y al mismo tiempo almacenar el sitio utilizado para el informe anal\u00edtico del sitio. La cookie almacena informaci\u00f3n de forma an\u00f3nima y asigna un n\u00famero generado aleatoriamente para reconocer a los visitantes \u00fanicos.<\/td><\/tr><tr class=\"cookielawinfo-row\"><td class=\"cookielawinfo-column-1\">_ga_4C3SWJEZKB<\/td><td class=\"cookielawinfo-column-4\">Esta cookie es instalada por Google Analytics.<\/td><\/tr><tr class=\"cookielawinfo-row-cat-title\"><th colspan=\"2\" class=\"cookielawinfo-row-cat-title-head\">Funcional<\/th><\/tr><tr class=\"cookielawinfo-row\"><td class=\"cookielawinfo-column-1\">wp-wpml_current_language<\/td><td class=\"cookielawinfo-column-4\">Guardar configuraci\u00f3n de lenguaje<\/td><\/tr><\/tbody><\/table><\/div>\n<h3>\u00bfC\u00f3mo puedo controlar las preferencias de cookies?<\/h3>\n<div>Puede gestionar sus preferencias de cookies haciendo clic en el bot\u00f3n \u00abConfiguraci\u00f3n\u00bb y activando o desactivando las categor\u00edas de cookies en la ventana emergente seg\u00fan sus preferencias.<br \/>\nSi decides cambiar tus preferencias m\u00e1s tarde durante la sesi\u00f3n de navegaci\u00f3n, puedes hacer clic en la pesta\u00f1a \u00abPrivacidad y Pol\u00edtica de Cookies\u00bb en tu pantalla. Esto volver\u00e1 a mostrar el aviso de consentimiento que le permitir\u00e1 cambiar sus preferencias o retirar su consentimiento completamente.<\/p>\n<p>Adem\u00e1s de esto, distintos navegadores ofrecen distintos m\u00e9todos para bloquear y eliminar las cookies utilizadas por los sitios web. Puede cambiar la configuraci\u00f3n de su navegador para bloquear\/eliminar las cookies. Para obtener m\u00e1s informaci\u00f3n sobre c\u00f3mo gestionar y eliminar las cookies, visite wikipedia.org, www.allaboutcookies.org.<\/p>\n<\/div>\n<\/div>\n","protected":false},"excerpt":{"rendered":"<p>Acerca de esta pol\u00edtica de cookies. Esta Pol\u00edtica de cookies explica qu\u00e9 son las cookies y c\u00f3mo las utilizamos. Debe leer esta pol\u00edtica para entender qu\u00e9 son las cookies, c\u00f3mo las utilizamos, los tipos de cookies que utilizamos, es decir, la informaci\u00f3n que recopilamos mediante cookies y c\u00f3mo se utiliza esta informaci\u00f3n y c\u00f3mo controlar [&hellip;]<\/p>\n","protected":false},"author":1,"featured_media":0,"parent":0,"menu_order":220,"comment_status":"closed","ping_status":"closed","template":"page-templates\/page-legal.php","meta":{"_acf_changed":false,"footnotes":""},"class_list":["post-444","page","type-page","status-publish","hentry"],"acf":[],"yoast_head":"<!-- This site is optimized with the Yoast SEO plugin v27.5 - https:\/\/yoast.com\/product\/yoast-seo-wordpress\/ -->\n<title>Pol\u00edtica de cookies - Desocarrel<\/title>\n<meta name=\"robots\" content=\"noindex, nofollow\" \/>\n<meta property=\"og:locale\" content=\"es_ES\" \/>\n<meta property=\"og:type\" content=\"article\" \/>\n<meta property=\"og:title\" content=\"Pol\u00edtica de cookies - Desocarrel\" \/>\n<meta property=\"og:description\" content=\"Acerca de esta pol\u00edtica de cookies. Esta Pol\u00edtica de cookies explica qu\u00e9 son las cookies y c\u00f3mo las utilizamos. Debe leer esta pol\u00edtica para entender qu\u00e9 son las cookies, c\u00f3mo las utilizamos, los tipos de cookies que utilizamos, es decir, la informaci\u00f3n que recopilamos mediante cookies y c\u00f3mo se utiliza esta informaci\u00f3n y c\u00f3mo controlar [&hellip;]\" \/>\n<meta property=\"og:url\" content=\"https:\/\/www.desocarrel.com\/es\/politica-de-cookies\/\" \/>\n<meta property=\"og:site_name\" content=\"Desocarrel\" \/>\n<meta property=\"article:modified_time\" content=\"2022-03-15T17:15:28+00:00\" \/>\n<meta name=\"twitter:card\" content=\"summary_large_image\" \/>\n<meta name=\"twitter:label1\" content=\"Tiempo de lectura\" \/>\n\t<meta name=\"twitter:data1\" content=\"3 minutos\" \/>\n<script type=\"application\/ld+json\" class=\"yoast-schema-graph\">{\"@context\":\"https:\\\/\\\/schema.org\",\"@graph\":[{\"@type\":\"WebPage\",\"@id\":\"https:\\\/\\\/www.desocarrel.com\\\/es\\\/politica-de-cookies\\\/\",\"url\":\"https:\\\/\\\/www.desocarrel.com\\\/es\\\/politica-de-cookies\\\/\",\"name\":\"Pol\u00edtica de cookies - Desocarrel\",\"isPartOf\":{\"@id\":\"https:\\\/\\\/www.desocarrel.com\\\/es\\\/#website\"},\"datePublished\":\"2022-02-26T10:27:56+00:00\",\"dateModified\":\"2022-03-15T17:15:28+00:00\",\"breadcrumb\":{\"@id\":\"https:\\\/\\\/www.desocarrel.com\\\/es\\\/politica-de-cookies\\\/#breadcrumb\"},\"inLanguage\":\"es\",\"potentialAction\":[{\"@type\":\"ReadAction\",\"target\":[\"https:\\\/\\\/www.desocarrel.com\\\/es\\\/politica-de-cookies\\\/\"]}]},{\"@type\":\"BreadcrumbList\",\"@id\":\"https:\\\/\\\/www.desocarrel.com\\\/es\\\/politica-de-cookies\\\/#breadcrumb\",\"itemListElement\":[{\"@type\":\"ListItem\",\"position\":1,\"name\":\"Inici\",\"item\":\"https:\\\/\\\/www.desocarrel.com\\\/es\\\/\"},{\"@type\":\"ListItem\",\"position\":2,\"name\":\"Pol\u00edtica de cookies\"}]},{\"@type\":\"WebSite\",\"@id\":\"https:\\\/\\\/www.desocarrel.com\\\/es\\\/#website\",\"url\":\"https:\\\/\\\/www.desocarrel.com\\\/es\\\/\",\"name\":\"Desocarrel\",\"description\":\"Desocarrel\",\"publisher\":{\"@id\":\"https:\\\/\\\/www.desocarrel.com\\\/es\\\/#organization\"},\"potentialAction\":[{\"@type\":\"SearchAction\",\"target\":{\"@type\":\"EntryPoint\",\"urlTemplate\":\"https:\\\/\\\/www.desocarrel.com\\\/es\\\/?s={search_term_string}\"},\"query-input\":{\"@type\":\"PropertyValueSpecification\",\"valueRequired\":true,\"valueName\":\"search_term_string\"}}],\"inLanguage\":\"es\"},{\"@type\":\"Organization\",\"@id\":\"https:\\\/\\\/www.desocarrel.com\\\/es\\\/#organization\",\"name\":\"Desocarrel\",\"url\":\"https:\\\/\\\/www.desocarrel.com\\\/es\\\/\",\"logo\":{\"@type\":\"ImageObject\",\"inLanguage\":\"es\",\"@id\":\"https:\\\/\\\/www.desocarrel.com\\\/es\\\/#\\\/schema\\\/logo\\\/image\\\/\",\"url\":\"https:\\\/\\\/www.desocarrel.com\\\/wp-content\\\/uploads\\\/2022\\\/02\\\/favicon.png\",\"contentUrl\":\"https:\\\/\\\/www.desocarrel.com\\\/wp-content\\\/uploads\\\/2022\\\/02\\\/favicon.png\",\"width\":65,\"height\":64,\"caption\":\"Desocarrel\"},\"image\":{\"@id\":\"https:\\\/\\\/www.desocarrel.com\\\/es\\\/#\\\/schema\\\/logo\\\/image\\\/\"},\"sameAs\":[\"https:\\\/\\\/www.instagram.com\\\/desocarrel\\\/\"]}]}<\/script>\n<!-- \/ Yoast SEO plugin. -->","yoast_head_json":{"title":"Pol\u00edtica de cookies - Desocarrel","robots":{"index":"noindex","follow":"nofollow"},"og_locale":"es_ES","og_type":"article","og_title":"Pol\u00edtica de cookies - Desocarrel","og_description":"Acerca de esta pol\u00edtica de cookies. Esta Pol\u00edtica de cookies explica qu\u00e9 son las cookies y c\u00f3mo las utilizamos. Debe leer esta pol\u00edtica para entender qu\u00e9 son las cookies, c\u00f3mo las utilizamos, los tipos de cookies que utilizamos, es decir, la informaci\u00f3n que recopilamos mediante cookies y c\u00f3mo se utiliza esta informaci\u00f3n y c\u00f3mo controlar [&hellip;]","og_url":"https:\/\/www.desocarrel.com\/es\/politica-de-cookies\/","og_site_name":"Desocarrel","article_modified_time":"2022-03-15T17:15:28+00:00","twitter_card":"summary_large_image","twitter_misc":{"Tiempo de lectura":"3 minutos"},"schema":{"@context":"https:\/\/schema.org","@graph":[{"@type":"WebPage","@id":"https:\/\/www.desocarrel.com\/es\/politica-de-cookies\/","url":"https:\/\/www.desocarrel.com\/es\/politica-de-cookies\/","name":"Pol\u00edtica de cookies - Desocarrel","isPartOf":{"@id":"https:\/\/www.desocarrel.com\/es\/#website"},"datePublished":"2022-02-26T10:27:56+00:00","dateModified":"2022-03-15T17:15:28+00:00","breadcrumb":{"@id":"https:\/\/www.desocarrel.com\/es\/politica-de-cookies\/#breadcrumb"},"inLanguage":"es","potentialAction":[{"@type":"ReadAction","target":["https:\/\/www.desocarrel.com\/es\/politica-de-cookies\/"]}]},{"@type":"BreadcrumbList","@id":"https:\/\/www.desocarrel.com\/es\/politica-de-cookies\/#breadcrumb","itemListElement":[{"@type":"ListItem","position":1,"name":"Inici","item":"https:\/\/www.desocarrel.com\/es\/"},{"@type":"ListItem","position":2,"name":"Pol\u00edtica de cookies"}]},{"@type":"WebSite","@id":"https:\/\/www.desocarrel.com\/es\/#website","url":"https:\/\/www.desocarrel.com\/es\/","name":"Desocarrel","description":"Desocarrel","publisher":{"@id":"https:\/\/www.desocarrel.com\/es\/#organization"},"potentialAction":[{"@type":"SearchAction","target":{"@type":"EntryPoint","urlTemplate":"https:\/\/www.desocarrel.com\/es\/?s={search_term_string}"},"query-input":{"@type":"PropertyValueSpecification","valueRequired":true,"valueName":"search_term_string"}}],"inLanguage":"es"},{"@type":"Organization","@id":"https:\/\/www.desocarrel.com\/es\/#organization","name":"Desocarrel","url":"https:\/\/www.desocarrel.com\/es\/","logo":{"@type":"ImageObject","inLanguage":"es","@id":"https:\/\/www.desocarrel.com\/es\/#\/schema\/logo\/image\/","url":"https:\/\/www.desocarrel.com\/wp-content\/uploads\/2022\/02\/favicon.png","contentUrl":"https:\/\/www.desocarrel.com\/wp-content\/uploads\/2022\/02\/favicon.png","width":65,"height":64,"caption":"Desocarrel"},"image":{"@id":"https:\/\/www.desocarrel.com\/es\/#\/schema\/logo\/image\/"},"sameAs":["https:\/\/www.instagram.com\/desocarrel\/"]}]}},"_links":{"self":[{"href":"https:\/\/www.desocarrel.com\/es\/wp-json\/wp\/v2\/pages\/444","targetHints":{"allow":["GET"]}}],"collection":[{"href":"https:\/\/www.desocarrel.com\/es\/wp-json\/wp\/v2\/pages"}],"about":[{"href":"https:\/\/www.desocarrel.com\/es\/wp-json\/wp\/v2\/types\/page"}],"author":[{"embeddable":true,"href":"https:\/\/www.desocarrel.com\/es\/wp-json\/wp\/v2\/users\/1"}],"replies":[{"embeddable":true,"href":"https:\/\/www.desocarrel.com\/es\/wp-json\/wp\/v2\/comments?post=444"}],"version-history":[{"count":2,"href":"https:\/\/www.desocarrel.com\/es\/wp-json\/wp\/v2\/pages\/444\/revisions"}],"predecessor-version":[{"id":560,"href":"https:\/\/www.desocarrel.com\/es\/wp-json\/wp\/v2\/pages\/444\/revisions\/560"}],"wp:attachment":[{"href":"https:\/\/www.desocarrel.com\/es\/wp-json\/wp\/v2\/media?parent=444"}],"curies":[{"name":"wp","href":"https:\/\/api.w.org\/{rel}","templated":true}]}}